{"id":946,"date":"2025-08-12T12:42:40","date_gmt":"2025-08-12T12:42:40","guid":{"rendered":"https:\/\/marinalizarraldepsicologa.rkinformatika.online\/?page_id=946"},"modified":"2025-09-16T14:20:59","modified_gmt":"2025-09-16T14:20:59","slug":"politica-de-privacidad","status":"publish","type":"page","link":"https:\/\/blog.marinalizarraldepsicologa.com\/en\/politica-de-privacidad\/","title":{"rendered":"Privacy Policy"},"content":{"rendered":"<div data-elementor-type=\"wp-page\" data-elementor-id=\"946\" class=\"elementor elementor-946\" data-elementor-post-type=\"page\">\n\t\t\t\t<div class=\"elementor-element elementor-element-28f6629 e-flex e-con-boxed e-con e-parent\" data-id=\"28f6629\" data-element_type=\"container\" data-e-type=\"container\">\n\t\t\t\t\t<div class=\"e-con-inner\">\n\t\t\t\t<div class=\"elementor-element elementor-element-6be9d8d elementor-widget elementor-widget-text-editor\" data-id=\"6be9d8d\" data-element_type=\"widget\" data-e-type=\"widget\" data-widget_type=\"text-editor.default\">\n\t\t\t\t\t\t\t\t\t<h1>POL\u00cdTICA DE PRIVACIDAD<\/h1><p>En nuestra Entidad, hemos adaptado nuestros protocolos y pol\u00edticas de privacidad al Reglamento Europeo de Protecci\u00f3n de Datos 679\/2016 (RGPD) y a la LO 3\/2018, de 5 de diciembre, de Protecci\u00f3n de Datos personales y garant\u00eda de los derechos digitales, dado que nos preocupa la seguridad y la protecci\u00f3n de los datos que tratamos.<\/p><p><strong>1.- QUI\u00c9N ES EL RESPONSABLE DEL TRATAMIENTO DE DATOS<\/strong><\/p><p style=\"text-align: start;\"><span style=\"font-weight: bolder; text-align: justify; color: var( --e-global-color-text ); font-family: var( --e-global-typography-text-font-family ), Sans-serif; font-size: 1rem;\">Marina Lizarralde Bilbao<\/span>, con domicilio en <b>Col\u00f3n de Larre\u00e1tegui, 26 Bajo B, Edificio Jado. 48009, Bilbao (Bizkaia)<\/b> es el responsable del correcto tratamiento de sus datos. Puede Vd. consultar sobre este tratamiento a trav\u00e9s del siguiente mail\u00a0<span style=\"text-align: var(--text-align);\"><b>marinalizarrralde@psicologa.com<\/b>.<\/span><\/p><p style=\"text-align: start;\"><strong style=\"color: var( --e-global-color-text ); font-family: var( --e-global-typography-text-font-family ), Sans-serif; text-align: var(--text-align); font-size: 1rem;\">2.- PARA QU\u00c9 UTILIZAMOS SUS DATOS<\/strong><\/p><p>En\u00a0<span style=\"font-weight: bolder; text-align: justify;\">Marina Lizarralde Bilbao<\/span>\u00a0tratamos la informaci\u00f3n que nos facilitan las personas interesadas con el fin de:<\/p><ul><li>Tramitar y gestionar las solitudes realizadas en relaci\u00f3n a nuestro cat\u00e1logo de servicios profesionales.<\/li><\/ul><div>\u00a0<\/div><p><strong>\u00a03.- CU\u00c1L ES LA BASE LEGAL PARA EL TRATAMIENTO DE LOS DATOS<\/strong><\/p><p>La utilizaci\u00f3n de los datos que nos ha facilitado a trav\u00e9s del consentimiento, es necesaria para la correcta gesti\u00f3n de las relaciones con los usuarios y, adem\u00e1s, poder cumplir con las obligaciones legales.<\/p><p>En cualquier momento puede manifestar su oposici\u00f3n al uso de sus datos y, por lo tanto, dejar sin efecto cualquier tipo de gesti\u00f3n con los mismos, quedando \u00fanicamente sus datos bloqueados durante el tiempo legalmente previsto. Comunicarle que el no consentimiento puede conllevar que los servicios sean imposibles de prestar.<\/p><p><strong>4.- COMUNICACI\u00d3N DE DATOS<\/strong><\/p><p>En principio no se ceder\u00e1n datos salvo obligaci\u00f3n legal.<\/p><p>Ahora bien, compartiremos sus datos con prestadores de servicios que nos ayudan o dan soporte, o colaboradores externos con quien hemos llegado a acuerdos.<\/p><p><strong>5.- CONSERVACI\u00d3N DE DATOS<\/strong><\/p><p>Solamente conservaremos sus datos personales durante el tiempo necesario para cumplir con la finalidad para la que se recaban, mientras que mantengamos una relaci\u00f3n contractual, mientras que exista un requisito legal que lo obligue o mientras que Vd. no ejerza ninguno de los derechos que hagan que no podamos tratar sus datos.<\/p><p><strong>6.- C\u00d3MO PUEDO EJERCER MIS DERECHOS<\/strong><\/p><p>Como titular de derechos, Vd. tiene el control de sus datos y, por lo tanto, en cualquier momento puede ejercitar sus derechos, envi\u00e1ndonos un mail\u00a0<span style=\"text-align: var(--text-align);\">marinalizarrralde@psicologa.com<\/span><\/p><p><span style=\"color: var( --e-global-color-text ); font-family: var( --e-global-typography-text-font-family ), Sans-serif; font-weight: var( --e-global-typography-text-font-weight ); text-align: var(--text-align); font-size: 1rem;\">\u00a0Los derechos que puede ejercitar son:<\/span><\/p><ul><li><strong>Acceso \u2013\u00a0<\/strong>Podr\u00e1 consultar sus datos personales tratados por esta Entidad<\/li><li><strong>Rectificaci\u00f3n<\/strong>\u00a0\u2013 Podr\u00e1 modificar sus datos personales cuando sean inexactos<\/li><li><strong>Supresi\u00f3n<\/strong>\u00a0\u2013 Podr\u00e1 solicitar la eliminaci\u00f3n de sus datos personales<\/li><li><strong>Oposici\u00f3n<\/strong>\u00a0\u2013 Podr\u00e1 solicitar que no se trate alguno de sus datos personales<\/li><li><strong>Limitaci\u00f3n del Tratamiento<\/strong>\u00a0\u2013 Podr\u00e1 solicitar la limitaci\u00f3n al tratamiento de sus datos personales en determinadas circunstancias<\/li><li><strong>Portabilidad<\/strong>\u00a0\u2013 Podr\u00e1 recibir los datos personales que nos haya facilitado o que hayamos obtenido en nuestra relaci\u00f3n contractual, as\u00ed como trasmitirlos a otra Entidad<\/li><\/ul><p>Se informa a los usuarios, que tiene\u00a0<strong>derecho a revocar<\/strong>\u00a0el consentimiento en cualquier momento, sin que ello afecte a la licitud del tratamiento basado en el consentimiento previo a su retirada.<\/p><p>As\u00ed mismo se informa a los interesados de que pueden presentar una reclamaci\u00f3n ante la Autoridad de Control en materia de Protecci\u00f3n de Datos competente, especialmente cuando no haya obtenido satisfacci\u00f3n en el ejercicio de sus derechos.<\/p><p>Para ejercitar sus derechos, acompa\u00f1e a su solicitud una copia de su DNI o documento equivalente acreditativo de su identidad.<\/p>\t\t\t\t\t\t\t\t<\/div>\n\t\t\t\t\t<\/div>\n\t\t\t\t<\/div>\n\t\t\t\t<\/div>","protected":false},"excerpt":{"rendered":"<p>POL\u00cdTICA DE PRIVACIDAD En nuestra Entidad, hemos adaptado nuestros protocolos y pol\u00edticas de privacidad al Reglamento Europeo de Protecci\u00f3n de Datos 679\/2016 (RGPD) y a la LO 3\/2018, de 5 de diciembre, de Protecci\u00f3n de Datos personales y garant\u00eda de los derechos digitales, dado que nos preocupa la seguridad y la protecci\u00f3n de los datos [&hellip;]<\/p>\n","protected":false},"author":1,"featured_media":0,"parent":0,"menu_order":0,"comment_status":"closed","ping_status":"closed","template":"elementor_canvas","meta":{"footnotes":""},"class_list":["post-946","page","type-page","status-publish","hentry"],"yoast_head":"<!-- This site is optimized with the Yoast SEO plugin v27.3 - https:\/\/yoast.com\/product\/yoast-seo-wordpress\/ -->\n<title>Pol\u00edtica de Privacidad - Marina Lizarralde Psic\u00f3loga<\/title>\n<meta name=\"robots\" content=\"index, follow, max-snippet:-1, max-image-preview:large, max-video-preview:-1\" \/>\n<link rel=\"canonical\" href=\"https:\/\/blog.marinalizarraldepsicologa.com\/en\/politica-de-privacidad\/\" \/>\n<meta property=\"og:locale\" content=\"en_GB\" \/>\n<meta property=\"og:type\" content=\"article\" \/>\n<meta property=\"og:title\" content=\"Pol\u00edtica de Privacidad - Marina Lizarralde Psic\u00f3loga\" \/>\n<meta property=\"og:description\" content=\"POL\u00cdTICA DE PRIVACIDAD En nuestra Entidad, hemos adaptado nuestros protocolos y pol\u00edticas de privacidad al Reglamento Europeo de Protecci\u00f3n de Datos 679\/2016 (RGPD) y a la LO 3\/2018, de 5 de diciembre, de Protecci\u00f3n de Datos personales y garant\u00eda de los derechos digitales, dado que nos preocupa la seguridad y la protecci\u00f3n de los datos [&hellip;]\" \/>\n<meta property=\"og:url\" content=\"https:\/\/blog.marinalizarraldepsicologa.com\/en\/politica-de-privacidad\/\" \/>\n<meta property=\"og:site_name\" content=\"Marina Lizarralde Psic\u00f3loga\" \/>\n<meta property=\"article:modified_time\" content=\"2025-09-16T14:20:59+00:00\" \/>\n<meta name=\"twitter:card\" content=\"summary_large_image\" \/>\n<meta name=\"twitter:label1\" content=\"Estimated reading time\" \/>\n\t<meta name=\"twitter:data1\" content=\"3 minutes\" \/>\n<script type=\"application\/ld+json\" class=\"yoast-schema-graph\">{\"@context\":\"https:\\\/\\\/schema.org\",\"@graph\":[{\"@type\":\"WebPage\",\"@id\":\"https:\\\/\\\/blog.marinalizarraldepsicologa.com\\\/politica-de-privacidad\\\/\",\"url\":\"https:\\\/\\\/blog.marinalizarraldepsicologa.com\\\/politica-de-privacidad\\\/\",\"name\":\"Pol\u00edtica de Privacidad - Marina Lizarralde Psic\u00f3loga\",\"isPartOf\":{\"@id\":\"https:\\\/\\\/blog.marinalizarraldepsicologa.com\\\/#website\"},\"datePublished\":\"2025-08-12T12:42:40+00:00\",\"dateModified\":\"2025-09-16T14:20:59+00:00\",\"breadcrumb\":{\"@id\":\"https:\\\/\\\/blog.marinalizarraldepsicologa.com\\\/politica-de-privacidad\\\/#breadcrumb\"},\"inLanguage\":\"en-GB\",\"potentialAction\":[{\"@type\":\"ReadAction\",\"target\":[\"https:\\\/\\\/blog.marinalizarraldepsicologa.com\\\/politica-de-privacidad\\\/\"]}]},{\"@type\":\"BreadcrumbList\",\"@id\":\"https:\\\/\\\/blog.marinalizarraldepsicologa.com\\\/politica-de-privacidad\\\/#breadcrumb\",\"itemListElement\":[{\"@type\":\"ListItem\",\"position\":1,\"name\":\"Portada\",\"item\":\"https:\\\/\\\/blog.marinalizarraldepsicologa.com\\\/\"},{\"@type\":\"ListItem\",\"position\":2,\"name\":\"Pol\u00edtica de Privacidad\"}]},{\"@type\":\"WebSite\",\"@id\":\"https:\\\/\\\/blog.marinalizarraldepsicologa.com\\\/#website\",\"url\":\"https:\\\/\\\/blog.marinalizarraldepsicologa.com\\\/\",\"name\":\"Marina Lizarralde Psic\u00f3loga\",\"description\":\"Psicolog\u00eda Sanitaria\",\"publisher\":{\"@id\":\"https:\\\/\\\/blog.marinalizarraldepsicologa.com\\\/#organization\"},\"potentialAction\":[{\"@type\":\"SearchAction\",\"target\":{\"@type\":\"EntryPoint\",\"urlTemplate\":\"https:\\\/\\\/blog.marinalizarraldepsicologa.com\\\/?s={search_term_string}\"},\"query-input\":{\"@type\":\"PropertyValueSpecification\",\"valueRequired\":true,\"valueName\":\"search_term_string\"}}],\"inLanguage\":\"en-GB\"},{\"@type\":\"Organization\",\"@id\":\"https:\\\/\\\/blog.marinalizarraldepsicologa.com\\\/#organization\",\"name\":\"Marina Lizarralde Psic\u00f3loga\",\"url\":\"https:\\\/\\\/blog.marinalizarraldepsicologa.com\\\/\",\"logo\":{\"@type\":\"ImageObject\",\"inLanguage\":\"en-GB\",\"@id\":\"https:\\\/\\\/blog.marinalizarraldepsicologa.com\\\/#\\\/schema\\\/logo\\\/image\\\/\",\"url\":\"https:\\\/\\\/blog.marinalizarraldepsicologa.com\\\/wp-content\\\/uploads\\\/2025\\\/08\\\/cropped-Diseno-sin-titulo-1.png\",\"contentUrl\":\"https:\\\/\\\/blog.marinalizarraldepsicologa.com\\\/wp-content\\\/uploads\\\/2025\\\/08\\\/cropped-Diseno-sin-titulo-1.png\",\"width\":448,\"height\":112,\"caption\":\"Marina Lizarralde Psic\u00f3loga \"},\"image\":{\"@id\":\"https:\\\/\\\/blog.marinalizarraldepsicologa.com\\\/#\\\/schema\\\/logo\\\/image\\\/\"}}]}<\/script>\n<!-- \/ Yoast SEO plugin. -->","yoast_head_json":{"title":"Pol\u00edtica de Privacidad - Marina Lizarralde Psic\u00f3loga","robots":{"index":"index","follow":"follow","max-snippet":"max-snippet:-1","max-image-preview":"max-image-preview:large","max-video-preview":"max-video-preview:-1"},"canonical":"https:\/\/blog.marinalizarraldepsicologa.com\/en\/politica-de-privacidad\/","og_locale":"en_GB","og_type":"article","og_title":"Pol\u00edtica de Privacidad - Marina Lizarralde Psic\u00f3loga","og_description":"POL\u00cdTICA DE PRIVACIDAD En nuestra Entidad, hemos adaptado nuestros protocolos y pol\u00edticas de privacidad al Reglamento Europeo de Protecci\u00f3n de Datos 679\/2016 (RGPD) y a la LO 3\/2018, de 5 de diciembre, de Protecci\u00f3n de Datos personales y garant\u00eda de los derechos digitales, dado que nos preocupa la seguridad y la protecci\u00f3n de los datos [&hellip;]","og_url":"https:\/\/blog.marinalizarraldepsicologa.com\/en\/politica-de-privacidad\/","og_site_name":"Marina Lizarralde Psic\u00f3loga","article_modified_time":"2025-09-16T14:20:59+00:00","twitter_card":"summary_large_image","twitter_misc":{"Estimated reading time":"3 minutes"},"schema":{"@context":"https:\/\/schema.org","@graph":[{"@type":"WebPage","@id":"https:\/\/blog.marinalizarraldepsicologa.com\/politica-de-privacidad\/","url":"https:\/\/blog.marinalizarraldepsicologa.com\/politica-de-privacidad\/","name":"Pol\u00edtica de Privacidad - Marina Lizarralde Psic\u00f3loga","isPartOf":{"@id":"https:\/\/blog.marinalizarraldepsicologa.com\/#website"},"datePublished":"2025-08-12T12:42:40+00:00","dateModified":"2025-09-16T14:20:59+00:00","breadcrumb":{"@id":"https:\/\/blog.marinalizarraldepsicologa.com\/politica-de-privacidad\/#breadcrumb"},"inLanguage":"en-GB","potentialAction":[{"@type":"ReadAction","target":["https:\/\/blog.marinalizarraldepsicologa.com\/politica-de-privacidad\/"]}]},{"@type":"BreadcrumbList","@id":"https:\/\/blog.marinalizarraldepsicologa.com\/politica-de-privacidad\/#breadcrumb","itemListElement":[{"@type":"ListItem","position":1,"name":"Portada","item":"https:\/\/blog.marinalizarraldepsicologa.com\/"},{"@type":"ListItem","position":2,"name":"Pol\u00edtica de Privacidad"}]},{"@type":"WebSite","@id":"https:\/\/blog.marinalizarraldepsicologa.com\/#website","url":"https:\/\/blog.marinalizarraldepsicologa.com\/","name":"Marina Lizarralde Psic\u00f3loga","description":"Psicolog\u00eda Sanitaria","publisher":{"@id":"https:\/\/blog.marinalizarraldepsicologa.com\/#organization"},"potentialAction":[{"@type":"SearchAction","target":{"@type":"EntryPoint","urlTemplate":"https:\/\/blog.marinalizarraldepsicologa.com\/?s={search_term_string}"},"query-input":{"@type":"PropertyValueSpecification","valueRequired":true,"valueName":"search_term_string"}}],"inLanguage":"en-GB"},{"@type":"Organization","@id":"https:\/\/blog.marinalizarraldepsicologa.com\/#organization","name":"Marina Lizarralde Psic\u00f3loga","url":"https:\/\/blog.marinalizarraldepsicologa.com\/","logo":{"@type":"ImageObject","inLanguage":"en-GB","@id":"https:\/\/blog.marinalizarraldepsicologa.com\/#\/schema\/logo\/image\/","url":"https:\/\/blog.marinalizarraldepsicologa.com\/wp-content\/uploads\/2025\/08\/cropped-Diseno-sin-titulo-1.png","contentUrl":"https:\/\/blog.marinalizarraldepsicologa.com\/wp-content\/uploads\/2025\/08\/cropped-Diseno-sin-titulo-1.png","width":448,"height":112,"caption":"Marina Lizarralde Psic\u00f3loga "},"image":{"@id":"https:\/\/blog.marinalizarraldepsicologa.com\/#\/schema\/logo\/image\/"}}]}},"_links":{"self":[{"href":"https:\/\/blog.marinalizarraldepsicologa.com\/en\/wp-json\/wp\/v2\/pages\/946","targetHints":{"allow":["GET"]}}],"collection":[{"href":"https:\/\/blog.marinalizarraldepsicologa.com\/en\/wp-json\/wp\/v2\/pages"}],"about":[{"href":"https:\/\/blog.marinalizarraldepsicologa.com\/en\/wp-json\/wp\/v2\/types\/page"}],"author":[{"embeddable":true,"href":"https:\/\/blog.marinalizarraldepsicologa.com\/en\/wp-json\/wp\/v2\/users\/1"}],"replies":[{"embeddable":true,"href":"https:\/\/blog.marinalizarraldepsicologa.com\/en\/wp-json\/wp\/v2\/comments?post=946"}],"version-history":[{"count":13,"href":"https:\/\/blog.marinalizarraldepsicologa.com\/en\/wp-json\/wp\/v2\/pages\/946\/revisions"}],"predecessor-version":[{"id":999,"href":"https:\/\/blog.marinalizarraldepsicologa.com\/en\/wp-json\/wp\/v2\/pages\/946\/revisions\/999"}],"wp:attachment":[{"href":"https:\/\/blog.marinalizarraldepsicologa.com\/en\/wp-json\/wp\/v2\/media?parent=946"}],"curies":[{"name":"wp","href":"https:\/\/api.w.org\/{rel}","templated":true}]}}