{"id":36,"date":"2025-07-11T14:31:51","date_gmt":"2025-07-11T14:31:51","guid":{"rendered":"https:\/\/marinalizarraldepsicologa.rkinformatika.online\/?page_id=36"},"modified":"2025-09-16T11:27:43","modified_gmt":"2025-09-16T11:27:43","slug":"videos-y-blog","status":"publish","type":"page","link":"https:\/\/blog.marinalizarraldepsicologa.com\/en\/","title":{"rendered":"Videos and Blog"},"content":{"rendered":"<div data-elementor-type=\"wp-page\" data-elementor-id=\"36\" class=\"elementor elementor-36\" data-elementor-post-type=\"page\">\n\t\t\t\t<div class=\"elementor-element elementor-element-e9f8838 e-flex e-con-boxed e-con e-parent\" data-id=\"e9f8838\" data-element_type=\"container\" data-e-type=\"container\" data-settings=\"{&quot;background_background&quot;:&quot;classic&quot;}\">\n\t\t\t\t\t<div class=\"e-con-inner\">\n\t\t\t\t<div class=\"elementor-element elementor-element-159887c elementor-widget elementor-widget-heading\" data-id=\"159887c\" data-element_type=\"widget\" data-e-type=\"widget\" data-widget_type=\"heading.default\">\n\t\t\t\t\t<h2 class=\"elementor-heading-title elementor-size-default\">Videos and Blog<\/h2>\t\t\t\t<\/div>\n\t\t\t\t\t<\/div>\n\t\t\t\t<\/div>\n\t\t<div class=\"elementor-element elementor-element-061a657 e-flex e-con-boxed e-con e-parent\" data-id=\"061a657\" data-element_type=\"container\" data-e-type=\"container\">\n\t\t\t\t\t<div class=\"e-con-inner\">\n\t\t<div class=\"elementor-element elementor-element-7156341 e-con-full e-flex e-con e-child\" data-id=\"7156341\" data-element_type=\"container\" data-e-type=\"container\">\n\t\t\t\t<div class=\"elementor-element elementor-element-c309cc3 elementor-widget elementor-widget-image\" data-id=\"c309cc3\" data-element_type=\"widget\" data-e-type=\"widget\" data-widget_type=\"image.default\">\n\t\t\t\t\t\t\t\t\t\t\t\t\t\t\t<img fetchpriority=\"high\" decoding=\"async\" width=\"800\" height=\"534\" src=\"https:\/\/blog.marinalizarraldepsicologa.com\/wp-content\/uploads\/2025\/08\/Blog-1024x683.jpg\" class=\"attachment-large size-large wp-image-730\" alt=\"\" srcset=\"https:\/\/blog.marinalizarraldepsicologa.com\/wp-content\/uploads\/2025\/08\/Blog-1024x683.jpg 1024w, https:\/\/blog.marinalizarraldepsicologa.com\/wp-content\/uploads\/2025\/08\/Blog-300x200.jpg 300w, https:\/\/blog.marinalizarraldepsicologa.com\/wp-content\/uploads\/2025\/08\/Blog-768x512.jpg 768w, https:\/\/blog.marinalizarraldepsicologa.com\/wp-content\/uploads\/2025\/08\/Blog-1536x1024.jpg 1536w, https:\/\/blog.marinalizarraldepsicologa.com\/wp-content\/uploads\/2025\/08\/Blog-2048x1365.jpg 2048w, https:\/\/blog.marinalizarraldepsicologa.com\/wp-content\/uploads\/2025\/08\/Blog-18x12.jpg 18w\" sizes=\"(max-width: 800px) 100vw, 800px\" \/>\t\t\t\t\t\t\t\t\t\t\t\t\t\t\t<\/div>\n\t\t\t\t<\/div>\n\t\t<div class=\"elementor-element elementor-element-64c4862 e-con-full e-flex e-con e-child\" data-id=\"64c4862\" data-element_type=\"container\" data-e-type=\"container\">\n\t\t\t\t<div class=\"elementor-element elementor-element-b52172c elementor-grid-1 elementor-grid-tablet-2 elementor-grid-mobile-1 elementor-posts--thumbnail-top elementor-widget elementor-widget-posts\" data-id=\"b52172c\" data-element_type=\"widget\" data-e-type=\"widget\" data-settings=\"{&quot;classic_columns&quot;:&quot;1&quot;,&quot;pagination_type&quot;:&quot;prev_next&quot;,&quot;classic_columns_tablet&quot;:&quot;2&quot;,&quot;classic_columns_mobile&quot;:&quot;1&quot;,&quot;classic_row_gap&quot;:{&quot;unit&quot;:&quot;px&quot;,&quot;size&quot;:35,&quot;sizes&quot;:[]},&quot;classic_row_gap_tablet&quot;:{&quot;unit&quot;:&quot;px&quot;,&quot;size&quot;:&quot;&quot;,&quot;sizes&quot;:[]},&quot;classic_row_gap_mobile&quot;:{&quot;unit&quot;:&quot;px&quot;,&quot;size&quot;:&quot;&quot;,&quot;sizes&quot;:[]}}\" data-widget_type=\"posts.classic\">\n\t\t\t\t<div class=\"elementor-widget-container\">\n\t\t\t\t\t\t\t<div class=\"elementor-posts-container elementor-posts elementor-posts--skin-classic elementor-grid\" role=\"list\">\n\t\t\t\t<article class=\"elementor-post elementor-grid-item post-1352 post type-post status-publish format-standard has-post-thumbnail hentry category-psicologia-positiva\" role=\"listitem\">\n\t\t\t\t<a class=\"elementor-post__thumbnail__link\" href=\"https:\/\/blog.marinalizarraldepsicologa.com\/en\/mi-imagen-atrapada-sin-remedio\/\" tabindex=\"-1\" >\n\t\t\t<div class=\"elementor-post__thumbnail\"><img decoding=\"async\" width=\"637\" height=\"362\" src=\"https:\/\/blog.marinalizarraldepsicologa.com\/wp-content\/uploads\/2025\/09\/Captura-desde-2025-09-11-17-33-14.png\" class=\"attachment-large size-large wp-image-1359\" alt=\"\" srcset=\"https:\/\/blog.marinalizarraldepsicologa.com\/wp-content\/uploads\/2025\/09\/Captura-desde-2025-09-11-17-33-14.png 637w, https:\/\/blog.marinalizarraldepsicologa.com\/wp-content\/uploads\/2025\/09\/Captura-desde-2025-09-11-17-33-14-300x170.png 300w, https:\/\/blog.marinalizarraldepsicologa.com\/wp-content\/uploads\/2025\/09\/Captura-desde-2025-09-11-17-33-14-18x10.png 18w\" sizes=\"(max-width: 637px) 100vw, 637px\" \/><\/div>\n\t\t<\/a>\n\t\t\t\t<div class=\"elementor-post__text\">\n\t\t\t\t<h3 class=\"elementor-post__title\">\n\t\t\t<a href=\"https:\/\/blog.marinalizarraldepsicologa.com\/en\/mi-imagen-atrapada-sin-remedio\/\" >\n\t\t\t\tMi imagen: \u00bfAtrapada sin remedio?\t\t\t<\/a>\n\t\t<\/h3>\n\t\t\t\t<div class=\"elementor-post__meta-data\">\n\t\t\t\t\t<span class=\"elementor-post-date\">\n\t\t\tSeptember 2, 2025\t\t<\/span>\n\t\t\t\t<\/div>\n\t\t\t\t<div class=\"elementor-post__excerpt\">\n\t\t\t<p>\u00bfA qui\u00e9n no le han llegado v\u00eddeos de personas que ofrecen tips para cuerpo ideal, consejos para adelgazar r\u00e1pidamente, recetas para tonificar nuestro cuerpo, claves<\/p>\n\t\t<\/div>\n\t\t\n\t\t<a class=\"elementor-post__read-more\" href=\"https:\/\/blog.marinalizarraldepsicologa.com\/en\/mi-imagen-atrapada-sin-remedio\/\" aria-label=\"Read more about Mi imagen: \u00bfAtrapada sin remedio?\" tabindex=\"-1\" >\n\t\t\tLeer m\u00e1s \u00bb\t\t<\/a>\n\n\t\t\t\t<\/div>\n\t\t\t\t<\/article>\n\t\t\t\t<\/div>\n\t\t\n\t\t\t\t\t\t<\/div>\n\t\t\t\t<\/div>\n\t\t\t\t<\/div>\n\t\t\t\t\t<\/div>\n\t\t\t\t<\/div>\n\t\t\t\t<\/div>","protected":false},"excerpt":{"rendered":"<p>Videos and Blog<\/p>","protected":false},"author":1,"featured_media":0,"parent":0,"menu_order":0,"comment_status":"closed","ping_status":"closed","template":"elementor_canvas","meta":{"footnotes":""},"class_list":["post-36","page","type-page","status-publish","hentry"],"yoast_head":"<!-- This site is optimized with the Yoast SEO plugin v27.3 - https:\/\/yoast.com\/product\/yoast-seo-wordpress\/ -->\n<title>V\u00eddeos y Blog - Marina Lizarralde Psic\u00f3loga<\/title>\n<meta name=\"robots\" content=\"index, follow, max-snippet:-1, max-image-preview:large, max-video-preview:-1\" \/>\n<link rel=\"canonical\" href=\"https:\/\/blog.marinalizarraldepsicologa.com\/en\/\" \/>\n<meta property=\"og:locale\" content=\"en_GB\" \/>\n<meta property=\"og:type\" content=\"article\" \/>\n<meta property=\"og:title\" content=\"V\u00eddeos y Blog - Marina Lizarralde Psic\u00f3loga\" \/>\n<meta property=\"og:description\" content=\"V\u00eddeos y Blog\" \/>\n<meta property=\"og:url\" content=\"https:\/\/blog.marinalizarraldepsicologa.com\/en\/\" \/>\n<meta property=\"og:site_name\" content=\"Marina Lizarralde Psic\u00f3loga\" \/>\n<meta property=\"article:modified_time\" content=\"2025-09-16T11:27:43+00:00\" \/>\n<meta property=\"og:image\" content=\"https:\/\/blog.marinalizarraldepsicologa.com\/wp-content\/uploads\/2025\/08\/Blog-1024x683.jpg\" \/>\n<meta name=\"twitter:card\" content=\"summary_large_image\" \/>\n<meta name=\"twitter:label1\" content=\"Estimated reading time\" \/>\n\t<meta name=\"twitter:data1\" content=\"1 minute\" \/>\n<script type=\"application\/ld+json\" class=\"yoast-schema-graph\">{\"@context\":\"https:\\\/\\\/schema.org\",\"@graph\":[{\"@type\":\"WebPage\",\"@id\":\"https:\\\/\\\/blog.marinalizarraldepsicologa.com\\\/\",\"url\":\"https:\\\/\\\/blog.marinalizarraldepsicologa.com\\\/\",\"name\":\"V\u00eddeos y Blog - Marina Lizarralde Psic\u00f3loga\",\"isPartOf\":{\"@id\":\"https:\\\/\\\/blog.marinalizarraldepsicologa.com\\\/#website\"},\"primaryImageOfPage\":{\"@id\":\"https:\\\/\\\/blog.marinalizarraldepsicologa.com\\\/#primaryimage\"},\"image\":{\"@id\":\"https:\\\/\\\/blog.marinalizarraldepsicologa.com\\\/#primaryimage\"},\"thumbnailUrl\":\"https:\\\/\\\/blog.marinalizarraldepsicologa.com\\\/wp-content\\\/uploads\\\/2025\\\/08\\\/Blog-1024x683.jpg\",\"datePublished\":\"2025-07-11T14:31:51+00:00\",\"dateModified\":\"2025-09-16T11:27:43+00:00\",\"breadcrumb\":{\"@id\":\"https:\\\/\\\/blog.marinalizarraldepsicologa.com\\\/#breadcrumb\"},\"inLanguage\":\"en-GB\",\"potentialAction\":[{\"@type\":\"ReadAction\",\"target\":[\"https:\\\/\\\/blog.marinalizarraldepsicologa.com\\\/\"]}]},{\"@type\":\"ImageObject\",\"inLanguage\":\"en-GB\",\"@id\":\"https:\\\/\\\/blog.marinalizarraldepsicologa.com\\\/#primaryimage\",\"url\":\"https:\\\/\\\/blog.marinalizarraldepsicologa.com\\\/wp-content\\\/uploads\\\/2025\\\/08\\\/Blog-1024x683.jpg\",\"contentUrl\":\"https:\\\/\\\/blog.marinalizarraldepsicologa.com\\\/wp-content\\\/uploads\\\/2025\\\/08\\\/Blog-1024x683.jpg\"},{\"@type\":\"BreadcrumbList\",\"@id\":\"https:\\\/\\\/blog.marinalizarraldepsicologa.com\\\/#breadcrumb\",\"itemListElement\":[{\"@type\":\"ListItem\",\"position\":1,\"name\":\"Portada\",\"item\":\"https:\\\/\\\/blog.marinalizarraldepsicologa.com\\\/\"},{\"@type\":\"ListItem\",\"position\":2,\"name\":\"V\u00eddeos y Blog\"}]},{\"@type\":\"WebSite\",\"@id\":\"https:\\\/\\\/blog.marinalizarraldepsicologa.com\\\/#website\",\"url\":\"https:\\\/\\\/blog.marinalizarraldepsicologa.com\\\/\",\"name\":\"Marina Lizarralde Psic\u00f3loga\",\"description\":\"Psicolog\u00eda Sanitaria\",\"publisher\":{\"@id\":\"https:\\\/\\\/blog.marinalizarraldepsicologa.com\\\/#organization\"},\"potentialAction\":[{\"@type\":\"SearchAction\",\"target\":{\"@type\":\"EntryPoint\",\"urlTemplate\":\"https:\\\/\\\/blog.marinalizarraldepsicologa.com\\\/?s={search_term_string}\"},\"query-input\":{\"@type\":\"PropertyValueSpecification\",\"valueRequired\":true,\"valueName\":\"search_term_string\"}}],\"inLanguage\":\"en-GB\"},{\"@type\":\"Organization\",\"@id\":\"https:\\\/\\\/blog.marinalizarraldepsicologa.com\\\/#organization\",\"name\":\"Marina Lizarralde Psic\u00f3loga\",\"url\":\"https:\\\/\\\/blog.marinalizarraldepsicologa.com\\\/\",\"logo\":{\"@type\":\"ImageObject\",\"inLanguage\":\"en-GB\",\"@id\":\"https:\\\/\\\/blog.marinalizarraldepsicologa.com\\\/#\\\/schema\\\/logo\\\/image\\\/\",\"url\":\"https:\\\/\\\/blog.marinalizarraldepsicologa.com\\\/wp-content\\\/uploads\\\/2025\\\/08\\\/cropped-Diseno-sin-titulo-1.png\",\"contentUrl\":\"https:\\\/\\\/blog.marinalizarraldepsicologa.com\\\/wp-content\\\/uploads\\\/2025\\\/08\\\/cropped-Diseno-sin-titulo-1.png\",\"width\":448,\"height\":112,\"caption\":\"Marina Lizarralde Psic\u00f3loga \"},\"image\":{\"@id\":\"https:\\\/\\\/blog.marinalizarraldepsicologa.com\\\/#\\\/schema\\\/logo\\\/image\\\/\"}}]}<\/script>\n<!-- \/ Yoast SEO plugin. -->","yoast_head_json":{"title":"V\u00eddeos y Blog - Marina Lizarralde Psic\u00f3loga","robots":{"index":"index","follow":"follow","max-snippet":"max-snippet:-1","max-image-preview":"max-image-preview:large","max-video-preview":"max-video-preview:-1"},"canonical":"https:\/\/blog.marinalizarraldepsicologa.com\/en\/","og_locale":"en_GB","og_type":"article","og_title":"V\u00eddeos y Blog - Marina Lizarralde Psic\u00f3loga","og_description":"V\u00eddeos y Blog","og_url":"https:\/\/blog.marinalizarraldepsicologa.com\/en\/","og_site_name":"Marina Lizarralde Psic\u00f3loga","article_modified_time":"2025-09-16T11:27:43+00:00","og_image":[{"url":"https:\/\/blog.marinalizarraldepsicologa.com\/wp-content\/uploads\/2025\/08\/Blog-1024x683.jpg","type":"","width":"","height":""}],"twitter_card":"summary_large_image","twitter_misc":{"Estimated reading time":"1 minute"},"schema":{"@context":"https:\/\/schema.org","@graph":[{"@type":"WebPage","@id":"https:\/\/blog.marinalizarraldepsicologa.com\/","url":"https:\/\/blog.marinalizarraldepsicologa.com\/","name":"V\u00eddeos y Blog - Marina Lizarralde Psic\u00f3loga","isPartOf":{"@id":"https:\/\/blog.marinalizarraldepsicologa.com\/#website"},"primaryImageOfPage":{"@id":"https:\/\/blog.marinalizarraldepsicologa.com\/#primaryimage"},"image":{"@id":"https:\/\/blog.marinalizarraldepsicologa.com\/#primaryimage"},"thumbnailUrl":"https:\/\/blog.marinalizarraldepsicologa.com\/wp-content\/uploads\/2025\/08\/Blog-1024x683.jpg","datePublished":"2025-07-11T14:31:51+00:00","dateModified":"2025-09-16T11:27:43+00:00","breadcrumb":{"@id":"https:\/\/blog.marinalizarraldepsicologa.com\/#breadcrumb"},"inLanguage":"en-GB","potentialAction":[{"@type":"ReadAction","target":["https:\/\/blog.marinalizarraldepsicologa.com\/"]}]},{"@type":"ImageObject","inLanguage":"en-GB","@id":"https:\/\/blog.marinalizarraldepsicologa.com\/#primaryimage","url":"https:\/\/blog.marinalizarraldepsicologa.com\/wp-content\/uploads\/2025\/08\/Blog-1024x683.jpg","contentUrl":"https:\/\/blog.marinalizarraldepsicologa.com\/wp-content\/uploads\/2025\/08\/Blog-1024x683.jpg"},{"@type":"BreadcrumbList","@id":"https:\/\/blog.marinalizarraldepsicologa.com\/#breadcrumb","itemListElement":[{"@type":"ListItem","position":1,"name":"Portada","item":"https:\/\/blog.marinalizarraldepsicologa.com\/"},{"@type":"ListItem","position":2,"name":"V\u00eddeos y Blog"}]},{"@type":"WebSite","@id":"https:\/\/blog.marinalizarraldepsicologa.com\/#website","url":"https:\/\/blog.marinalizarraldepsicologa.com\/","name":"Marina Lizarralde Psic\u00f3loga","description":"Psicolog\u00eda Sanitaria","publisher":{"@id":"https:\/\/blog.marinalizarraldepsicologa.com\/#organization"},"potentialAction":[{"@type":"SearchAction","target":{"@type":"EntryPoint","urlTemplate":"https:\/\/blog.marinalizarraldepsicologa.com\/?s={search_term_string}"},"query-input":{"@type":"PropertyValueSpecification","valueRequired":true,"valueName":"search_term_string"}}],"inLanguage":"en-GB"},{"@type":"Organization","@id":"https:\/\/blog.marinalizarraldepsicologa.com\/#organization","name":"Marina Lizarralde Psic\u00f3loga","url":"https:\/\/blog.marinalizarraldepsicologa.com\/","logo":{"@type":"ImageObject","inLanguage":"en-GB","@id":"https:\/\/blog.marinalizarraldepsicologa.com\/#\/schema\/logo\/image\/","url":"https:\/\/blog.marinalizarraldepsicologa.com\/wp-content\/uploads\/2025\/08\/cropped-Diseno-sin-titulo-1.png","contentUrl":"https:\/\/blog.marinalizarraldepsicologa.com\/wp-content\/uploads\/2025\/08\/cropped-Diseno-sin-titulo-1.png","width":448,"height":112,"caption":"Marina Lizarralde Psic\u00f3loga "},"image":{"@id":"https:\/\/blog.marinalizarraldepsicologa.com\/#\/schema\/logo\/image\/"}}]}},"_links":{"self":[{"href":"https:\/\/blog.marinalizarraldepsicologa.com\/en\/wp-json\/wp\/v2\/pages\/36","targetHints":{"allow":["GET"]}}],"collection":[{"href":"https:\/\/blog.marinalizarraldepsicologa.com\/en\/wp-json\/wp\/v2\/pages"}],"about":[{"href":"https:\/\/blog.marinalizarraldepsicologa.com\/en\/wp-json\/wp\/v2\/types\/page"}],"author":[{"embeddable":true,"href":"https:\/\/blog.marinalizarraldepsicologa.com\/en\/wp-json\/wp\/v2\/users\/1"}],"replies":[{"embeddable":true,"href":"https:\/\/blog.marinalizarraldepsicologa.com\/en\/wp-json\/wp\/v2\/comments?post=36"}],"version-history":[{"count":112,"href":"https:\/\/blog.marinalizarraldepsicologa.com\/en\/wp-json\/wp\/v2\/pages\/36\/revisions"}],"predecessor-version":[{"id":1900,"href":"https:\/\/blog.marinalizarraldepsicologa.com\/en\/wp-json\/wp\/v2\/pages\/36\/revisions\/1900"}],"wp:attachment":[{"href":"https:\/\/blog.marinalizarraldepsicologa.com\/en\/wp-json\/wp\/v2\/media?parent=36"}],"curies":[{"name":"wp","href":"https:\/\/api.w.org\/{rel}","templated":true}]}}